{"id":3435,"date":"2019-02-13T14:35:01","date_gmt":"2019-02-13T13:35:01","guid":{"rendered":"http:\/\/holistic-bodywork.org\/anruf\/"},"modified":"2019-02-26T17:46:38","modified_gmt":"2019-02-26T16:46:38","slug":"call","status":"publish","type":"page","link":"https:\/\/holistic-bodywork.org\/en\/call\/","title":{"rendered":"Call"},"content":{"rendered":"\t\t<div data-elementor-type=\"wp-post\" data-elementor-id=\"3435\" class=\"elementor elementor-3435 elementor-2831 elementor-bc-flex-widget\" data-elementor-post-type=\"page\">\n\t\t\t\t\t\t<section class=\"elementor-section elementor-top-section elementor-element elementor-element-f9dcdb8 elementor-section-height-min-height coverbild elementor-section-content-middle elementor-section-boxed elementor-section-height-default elementor-section-items-middle\" data-id=\"f9dcdb8\" data-element_type=\"section\" data-settings=\"{&quot;background_background&quot;:&quot;classic&quot;}\">\n\t\t\t\t\t\t\t<div class=\"elementor-background-overlay\"><\/div>\n\t\t\t\t\t\t\t<div class=\"elementor-container elementor-column-gap-default\">\n\t\t\t\t\t<div class=\"elementor-column elementor-col-100 elementor-top-column elementor-element elementor-element-e4422e0\" data-id=\"e4422e0\" data-element_type=\"column\">\n\t\t\t<div class=\"elementor-widget-wrap elementor-element-populated\">\n\t\t\t\t\t\t<div class=\"elementor-element elementor-element-bddb3a4 animated-slow elementor-invisible elementor-widget elementor-widget-image\" data-id=\"bddb3a4\" data-element_type=\"widget\" data-settings=\"{&quot;_animation&quot;:&quot;fadeIn&quot;,&quot;_animation_delay&quot;:500}\" data-widget_type=\"image.default\">\n\t\t\t\t<div class=\"elementor-widget-container\">\n\t\t\t\t\t\t\t\t\t\t\t\t\t\t\t<img fetchpriority=\"high\" decoding=\"async\" width=\"424\" height=\"424\" src=\"https:\/\/holistic-bodywork.org\/wp-content\/uploads\/2019\/02\/Logo-HB-420.png\" class=\"attachment-full size-full wp-image-2771\" alt=\"\" srcset=\"https:\/\/holistic-bodywork.org\/wp-content\/uploads\/2019\/02\/Logo-HB-420.png 424w, https:\/\/holistic-bodywork.org\/wp-content\/uploads\/2019\/02\/Logo-HB-420-150x150.png 150w, https:\/\/holistic-bodywork.org\/wp-content\/uploads\/2019\/02\/Logo-HB-420-300x300.png 300w\" sizes=\"(max-width: 424px) 100vw, 424px\" \/>\t\t\t\t\t\t\t\t\t\t\t\t\t\t\t<\/div>\n\t\t\t\t<\/div>\n\t\t\t\t<div class=\"elementor-element elementor-element-86c5dc9 elementor-invisible elementor-widget elementor-widget-heading\" data-id=\"86c5dc9\" data-element_type=\"widget\" data-settings=\"{&quot;_animation&quot;:&quot;fadeIn&quot;,&quot;_animation_delay&quot;:1000}\" data-widget_type=\"heading.default\">\n\t\t\t\t<div class=\"elementor-widget-container\">\n\t\t\t\t\t<h1 class=\"elementor-heading-title elementor-size-default\">Contact us<\/h1>\t\t\t\t<\/div>\n\t\t\t\t<\/div>\n\t\t\t\t<div class=\"elementor-element elementor-element-44c499d elementor-widget-divider--view-line elementor-invisible elementor-widget elementor-widget-divider\" data-id=\"44c499d\" data-element_type=\"widget\" data-settings=\"{&quot;_animation&quot;:&quot;zoomIn&quot;,&quot;_animation_delay&quot;:1500}\" data-widget_type=\"divider.default\">\n\t\t\t\t<div class=\"elementor-widget-container\">\n\t\t\t\t\t\t\t<div class=\"elementor-divider\">\n\t\t\t<span class=\"elementor-divider-separator\">\n\t\t\t\t\t\t<\/span>\n\t\t<\/div>\n\t\t\t\t\t\t<\/div>\n\t\t\t\t<\/div>\n\t\t\t\t\t<\/div>\n\t\t<\/div>\n\t\t\t\t\t<\/div>\n\t\t<\/section>\n\t\t\t\t<section class=\"elementor-section elementor-top-section elementor-element elementor-element-0101e6f elementor-section-boxed elementor-section-height-default elementor-section-height-default\" data-id=\"0101e6f\" data-element_type=\"section\">\n\t\t\t\t\t\t<div class=\"elementor-container elementor-column-gap-default\">\n\t\t\t\t\t<div class=\"elementor-column elementor-col-100 elementor-top-column elementor-element elementor-element-96feed5\" data-id=\"96feed5\" data-element_type=\"column\">\n\t\t\t<div class=\"elementor-widget-wrap elementor-element-populated\">\n\t\t\t\t\t\t<div class=\"elementor-element elementor-element-a2a4c6e elementor-widget elementor-widget-text-editor\" data-id=\"a2a4c6e\" data-element_type=\"widget\" data-widget_type=\"text-editor.default\">\n\t\t\t\t<div class=\"elementor-widget-container\">\n\t\t\t\t\t\t\t\t\t<p>You can call Pascal under the number +49-1578-7325444.\u00a0<\/p><p>If you want to schedule a call with him, please send him a message including your number and dates that fit for you.<\/p>\t\t\t\t\t\t\t\t<\/div>\n\t\t\t\t<\/div>\n\t\t\t\t<div class=\"elementor-element elementor-element-8e8fdae elementor-widget elementor-widget-shortcode\" data-id=\"8e8fdae\" data-element_type=\"widget\" data-widget_type=\"shortcode.default\">\n\t\t\t\t<div class=\"elementor-widget-container\">\n\t\t\t\t\t\t\t<div class=\"elementor-shortcode\">\n<div class=\"wpcf7 no-js\" id=\"wpcf7-f1023-o1\" lang=\"de-DE\" dir=\"ltr\" data-wpcf7-id=\"1023\">\n<div class=\"screen-reader-response\"><p role=\"status\" aria-live=\"polite\" aria-atomic=\"true\"><\/p> <ul><\/ul><\/div>\n<form action=\"\/en\/wp-json\/wp\/v2\/pages\/3435#wpcf7-f1023-o1\" method=\"post\" class=\"wpcf7-form init\" aria-label=\"Kontaktformular\" novalidate=\"novalidate\" data-status=\"init\">\n<div style=\"display: none;\">\n<input type=\"hidden\" name=\"_wpcf7\" value=\"1023\" \/>\n<input type=\"hidden\" name=\"_wpcf7_version\" value=\"6.0.3\" \/>\n<input type=\"hidden\" name=\"_wpcf7_locale\" value=\"de_DE\" \/>\n<input type=\"hidden\" name=\"_wpcf7_unit_tag\" value=\"wpcf7-f1023-o1\" \/>\n<input type=\"hidden\" name=\"_wpcf7_container_post\" value=\"0\" \/>\n<input type=\"hidden\" name=\"_wpcf7_posted_data_hash\" value=\"\" \/>\n<input type=\"hidden\" name=\"_wpcf7_recaptcha_response\" value=\"\" \/>\n<\/div>\n<p>*Name (erforderlich)\n<\/p>\n<p><span class=\"wpcf7-form-control-wrap\" data-name=\"your-name\"><input size=\"40\" maxlength=\"400\" class=\"wpcf7-form-control wpcf7-text wpcf7-validates-as-required\" aria-required=\"true\" aria-invalid=\"false\" value=\"\" type=\"text\" name=\"your-name\" \/><\/span>\n<\/p>\n<p>*Email (erforderlich)\n<\/p>\n<p><span class=\"wpcf7-form-control-wrap\" data-name=\"your-email\"><input size=\"40\" maxlength=\"400\" class=\"wpcf7-form-control wpcf7-email wpcf7-validates-as-required wpcf7-text wpcf7-validates-as-email\" aria-required=\"true\" aria-invalid=\"false\" value=\"\" type=\"email\" name=\"your-email\" \/><\/span>\n<\/p>\n<p><label> Telefonnummer<br \/>\n<span class=\"wpcf7-form-control-wrap\" data-name=\"your-number\"><input size=\"40\" maxlength=\"400\" class=\"wpcf7-form-control wpcf7-text\" aria-invalid=\"false\" value=\"\" type=\"text\" name=\"your-number\" \/><\/span> <\/label>\n<\/p>\n<p>Betreff\n<\/p>\n<p><span class=\"wpcf7-form-control-wrap\" data-name=\"your-subject\"><input size=\"40\" maxlength=\"400\" class=\"wpcf7-form-control wpcf7-text\" aria-invalid=\"false\" value=\"\" type=\"text\" name=\"your-subject\" \/><\/span>\n<\/p>\n<p>Deine Nachricht (Schreibe uns bitte kurz etwas \u00fcber Deinen Hintergrund, Deine Motivation und Deine W\u00fcnsche an den Kurs, gerne auch mit Terminvorschl\u00e4gen f\u00fcr ein pers\u00f6nliches Gespr\u00e4ch. Vielen Dank!)\n<\/p>\n<p><span class=\"wpcf7-form-control-wrap\" data-name=\"your-message\"><textarea cols=\"40\" rows=\"10\" maxlength=\"2000\" class=\"wpcf7-form-control wpcf7-textarea\" aria-invalid=\"false\" name=\"your-message\"><\/textarea><\/span>\n<\/p>\n<p><span class=\"wpcf7-form-control-wrap\" data-name=\"your-consent\"><span class=\"wpcf7-form-control wpcf7-acceptance\"><span class=\"wpcf7-list-item\"><label><input type=\"checkbox\" name=\"your-consent\" value=\"1\" aria-invalid=\"false\" \/><span class=\"wpcf7-list-item-label\">Ich akzeptiere die Datenschutzbestimmungen von Holistic Bodywork.<\/span><\/label><\/span><\/span><\/span>\n<\/p>\n<p><span class=\"wpcf7-form-control-wrap\" data-name=\"opt-in\"><span class=\"wpcf7-form-control wpcf7-checkbox\"><span class=\"wpcf7-list-item first last\"><input type=\"checkbox\" name=\"opt-in[]\" value=\"Trage mich f\u00fcr den Newsletter ein\" \/><span class=\"wpcf7-list-item-label\">Trage mich f\u00fcr den Newsletter ein<\/span><\/span><\/span><\/span>\n<\/p>\n<p><input class=\"wpcf7-form-control wpcf7-submit has-spinner\" type=\"submit\" value=\"Senden\" \/>\n<\/p><p style=\"display: none !important;\" class=\"akismet-fields-container\" data-prefix=\"_wpcf7_ak_\"><label>&#916;<textarea name=\"_wpcf7_ak_hp_textarea\" cols=\"45\" rows=\"8\" maxlength=\"100\"><\/textarea><\/label><input type=\"hidden\" id=\"ak_js_1\" name=\"_wpcf7_ak_js\" value=\"61\"\/><script>document.getElementById( \"ak_js_1\" ).setAttribute( \"value\", ( new Date() ).getTime() );<\/script><\/p><div class=\"wpcf7-response-output\" aria-hidden=\"true\"><\/div>\n<\/form>\n<\/div>\n<\/div>\n\t\t\t\t\t\t<\/div>\n\t\t\t\t<\/div>\n\t\t\t\t\t<\/div>\n\t\t<\/div>\n\t\t\t\t\t<\/div>\n\t\t<\/section>\n\t\t\t\t<section class=\"elementor-section elementor-top-section elementor-element elementor-element-af79b5f elementor-section-boxed elementor-section-height-default elementor-section-height-default\" data-id=\"af79b5f\" data-element_type=\"section\" data-settings=\"{&quot;background_background&quot;:&quot;classic&quot;}\">\n\t\t\t\t\t\t<div class=\"elementor-container elementor-column-gap-default\">\n\t\t\t\t\t<div class=\"elementor-column elementor-col-100 elementor-top-column elementor-element elementor-element-ff8373d\" data-id=\"ff8373d\" data-element_type=\"column\">\n\t\t\t<div class=\"elementor-widget-wrap elementor-element-populated\">\n\t\t\t\t\t\t<div class=\"elementor-element elementor-element-79fdf25 elementor-hidden-phone elementor-widget elementor-widget-heading\" data-id=\"79fdf25\" data-element_type=\"widget\" data-widget_type=\"heading.default\">\n\t\t\t\t<div class=\"elementor-widget-container\">\n\t\t\t\t\t<h2 class=\"elementor-heading-title elementor-size-default\">Our Locations<\/h2>\t\t\t\t<\/div>\n\t\t\t\t<\/div>\n\t\t\t\t<div class=\"elementor-element elementor-element-9439b42 elementor-widget-divider--view-line elementor-widget elementor-widget-divider\" data-id=\"9439b42\" data-element_type=\"widget\" data-widget_type=\"divider.default\">\n\t\t\t\t<div class=\"elementor-widget-container\">\n\t\t\t\t\t\t\t<div class=\"elementor-divider\">\n\t\t\t<span class=\"elementor-divider-separator\">\n\t\t\t\t\t\t<\/span>\n\t\t<\/div>\n\t\t\t\t\t\t<\/div>\n\t\t\t\t<\/div>\n\t\t\t\t\t<\/div>\n\t\t<\/div>\n\t\t\t\t\t<\/div>\n\t\t<\/section>\n\t\t\t\t<section class=\"elementor-section elementor-top-section elementor-element elementor-element-9eb36c2 elementor-section-boxed elementor-section-height-default elementor-section-height-default\" data-id=\"9eb36c2\" data-element_type=\"section\" data-settings=\"{&quot;background_background&quot;:&quot;classic&quot;}\">\n\t\t\t\t\t\t<div class=\"elementor-container elementor-column-gap-default\">\n\t\t\t\t\t<div class=\"elementor-column elementor-col-50 elementor-top-column elementor-element elementor-element-bce7d1e\" data-id=\"bce7d1e\" data-element_type=\"column\">\n\t\t\t<div class=\"elementor-widget-wrap elementor-element-populated\">\n\t\t\t\t\t\t<section class=\"elementor-section elementor-inner-section elementor-element elementor-element-67098c6 elementor-section-boxed elementor-section-height-default elementor-section-height-default\" data-id=\"67098c6\" data-element_type=\"section\">\n\t\t\t\t\t\t<div class=\"elementor-container elementor-column-gap-default\">\n\t\t\t\t\t<div class=\"elementor-column elementor-col-100 elementor-inner-column elementor-element elementor-element-4dc92d4\" data-id=\"4dc92d4\" data-element_type=\"column\">\n\t\t\t<div class=\"elementor-widget-wrap elementor-element-populated\">\n\t\t\t\t\t\t<div class=\"elementor-element elementor-element-7038803 elementor-widget elementor-widget-heading\" data-id=\"7038803\" data-element_type=\"widget\" data-widget_type=\"heading.default\">\n\t\t\t\t<div class=\"elementor-widget-container\">\n\t\t\t\t\t<h2 class=\"elementor-heading-title elementor-size-default\">For Sessions<\/h2>\t\t\t\t<\/div>\n\t\t\t\t<\/div>\n\t\t\t\t<div class=\"elementor-element elementor-element-83775ae elementor-widget elementor-widget-text-editor\" data-id=\"83775ae\" data-element_type=\"widget\" data-widget_type=\"text-editor.default\">\n\t\t\t\t<div class=\"elementor-widget-container\">\n\t\t\t\t\t\t\t\t\t<h3><b>BeAumArt<br \/>Privatpraxis f\u00fcr <\/b><b>ganzheitliche<br \/>Physiotherapie<\/b><\/h3><p>Heckmannufer 6a<br \/>10997 Berlin-Kreuzberg<\/p>\t\t\t\t\t\t\t\t<\/div>\n\t\t\t\t<\/div>\n\t\t\t\t\t<\/div>\n\t\t<\/div>\n\t\t\t\t\t<\/div>\n\t\t<\/section>\n\t\t\t\t\t<\/div>\n\t\t<\/div>\n\t\t\t\t<div class=\"elementor-column elementor-col-50 elementor-top-column elementor-element elementor-element-917a886\" data-id=\"917a886\" data-element_type=\"column\">\n\t\t\t<div class=\"elementor-widget-wrap elementor-element-populated\">\n\t\t\t\t\t\t<div class=\"elementor-element elementor-element-fea962e elementor-widget elementor-widget-google_maps\" data-id=\"fea962e\" data-element_type=\"widget\" data-widget_type=\"google_maps.default\">\n\t\t\t\t<div class=\"elementor-widget-container\">\n\t\t\t\t\t\t\t<div class=\"elementor-custom-embed\">\n\t\t\t<iframe loading=\"lazy\"\n\t\t\t\t\tsrc=\"https:\/\/maps.google.com\/maps?q=Holistic-Bodywork%20-%20by%20BeAumArt&#038;t=m&#038;z=12&#038;output=embed&#038;iwloc=near\"\n\t\t\t\t\ttitle=\"Holistic-Bodywork - by BeAumArt\"\n\t\t\t\t\taria-label=\"Holistic-Bodywork - by BeAumArt\"\n\t\t\t><\/iframe>\n\t\t<\/div>\n\t\t\t\t\t\t<\/div>\n\t\t\t\t<\/div>\n\t\t\t\t\t<\/div>\n\t\t<\/div>\n\t\t\t\t\t<\/div>\n\t\t<\/section>\n\t\t\t\t<section class=\"elementor-section elementor-top-section elementor-element elementor-element-8f32f76 elementor-reverse-mobile elementor-section-boxed elementor-section-height-default elementor-section-height-default\" data-id=\"8f32f76\" data-element_type=\"section\" data-settings=\"{&quot;background_background&quot;:&quot;classic&quot;}\">\n\t\t\t\t\t\t<div class=\"elementor-container elementor-column-gap-default\">\n\t\t\t\t\t<div class=\"elementor-column elementor-col-50 elementor-top-column elementor-element elementor-element-e9c787b\" data-id=\"e9c787b\" data-element_type=\"column\">\n\t\t\t<div class=\"elementor-widget-wrap elementor-element-populated\">\n\t\t\t\t\t\t<div class=\"elementor-element elementor-element-e368976 elementor-widget elementor-widget-google_maps\" data-id=\"e368976\" data-element_type=\"widget\" data-widget_type=\"google_maps.default\">\n\t\t\t\t<div class=\"elementor-widget-container\">\n\t\t\t\t\t\t\t<div class=\"elementor-custom-embed\">\n\t\t\t<iframe loading=\"lazy\"\n\t\t\t\t\tsrc=\"https:\/\/maps.google.com\/maps?q=Seminarhof%20Drawehn&#038;t=m&#038;z=12&#038;output=embed&#038;iwloc=near\"\n\t\t\t\t\ttitle=\"Seminarhof Drawehn\"\n\t\t\t\t\taria-label=\"Seminarhof Drawehn\"\n\t\t\t><\/iframe>\n\t\t<\/div>\n\t\t\t\t\t\t<\/div>\n\t\t\t\t<\/div>\n\t\t\t\t\t<\/div>\n\t\t<\/div>\n\t\t\t\t<div class=\"elementor-column elementor-col-50 elementor-top-column elementor-element elementor-element-962d35e\" data-id=\"962d35e\" data-element_type=\"column\">\n\t\t\t<div class=\"elementor-widget-wrap elementor-element-populated\">\n\t\t\t\t\t\t<section class=\"elementor-section elementor-inner-section elementor-element elementor-element-4b7585f elementor-section-boxed elementor-section-height-default elementor-section-height-default\" data-id=\"4b7585f\" data-element_type=\"section\">\n\t\t\t\t\t\t<div class=\"elementor-container elementor-column-gap-default\">\n\t\t\t\t\t<div class=\"elementor-column elementor-col-100 elementor-inner-column elementor-element elementor-element-c760fc3\" data-id=\"c760fc3\" data-element_type=\"column\">\n\t\t\t<div class=\"elementor-widget-wrap elementor-element-populated\">\n\t\t\t\t\t\t<div class=\"elementor-element elementor-element-042bcf1 elementor-widget elementor-widget-heading\" data-id=\"042bcf1\" data-element_type=\"widget\" data-widget_type=\"heading.default\">\n\t\t\t\t<div class=\"elementor-widget-container\">\n\t\t\t\t\t<h2 class=\"elementor-heading-title elementor-size-default\">For Courses<\/h2>\t\t\t\t<\/div>\n\t\t\t\t<\/div>\n\t\t\t\t<div class=\"elementor-element elementor-element-335436d elementor-widget elementor-widget-text-editor\" data-id=\"335436d\" data-element_type=\"widget\" data-widget_type=\"text-editor.default\">\n\t\t\t\t<div class=\"elementor-widget-container\">\n\t\t\t\t\t\t\t\t\t<h3><b>Training-Center:<br \/>Seminarhof Drawehn<\/b><\/h3><p>Im Alten Rundling 13<br \/>29459 Clenze &#8211; Wendland<br \/>(located between Hamburg, Hannover und Berlin)<\/p>\t\t\t\t\t\t\t\t<\/div>\n\t\t\t\t<\/div>\n\t\t\t\t\t<\/div>\n\t\t<\/div>\n\t\t\t\t\t<\/div>\n\t\t<\/section>\n\t\t\t\t\t<\/div>\n\t\t<\/div>\n\t\t\t\t\t<\/div>\n\t\t<\/section>\n\t\t\t\t<\/div>\n\t\t","protected":false},"excerpt":{"rendered":"<p>Contact us You can call Pascal under the number +49-1578-7325444.\u00a0 If you want to schedule a call with him, please send him a message including your number and dates that fit for you. Our Locations For Sessions BeAumArtPrivatpraxis f\u00fcr ganzheitlichePhysiotherapie Heckmannufer 6a10997 Berlin-Kreuzberg For Courses Training-Center:Seminarhof Drawehn Im Alten Rundling 1329459 Clenze &#8211; Wendland(located between &hellip;<\/p>\n<p class=\"read-more\"> <a class=\"\" href=\"https:\/\/holistic-bodywork.org\/en\/call\/\"> <span class=\"screen-reader-text\">Call<\/span> Read More &raquo;<\/a><\/p>\n","protected":false},"author":1,"featured_media":2634,"parent":0,"menu_order":0,"comment_status":"closed","ping_status":"closed","template":"","meta":{"site-sidebar-layout":"no-sidebar","site-content-layout":"page-builder","ast-global-header-display":"","ast-main-header-display":"","ast-hfb-above-header-display":"","ast-hfb-below-header-display":"","ast-hfb-mobile-header-display":"","site-post-title":"disabled","ast-breadcrumbs-content":"","ast-featured-img":"disabled","footer-sml-layout":"","theme-transparent-header-meta":"default","adv-header-id-meta":"","stick-header-meta":"","header-above-stick-meta":"","header-main-stick-meta":"","header-below-stick-meta":"","footnotes":""},"class_list":["post-3435","page","type-page","status-publish","has-post-thumbnail","hentry"],"yoast_head":"<!-- This site is optimized with the Yoast SEO plugin v21.1 - https:\/\/yoast.com\/wordpress\/plugins\/seo\/ -->\n<title>Call - holistic-bodywork.org<\/title>\n<meta name=\"robots\" content=\"index, follow, max-snippet:-1, max-image-preview:large, max-video-preview:-1\" \/>\n<link rel=\"canonical\" href=\"https:\/\/holistic-bodywork.org\/en\/call\/\" \/>\n<meta property=\"og:locale\" content=\"en_US\" \/>\n<meta property=\"og:type\" content=\"article\" \/>\n<meta property=\"og:title\" content=\"Call - holistic-bodywork.org\" \/>\n<meta property=\"og:description\" content=\"Contact us You can call Pascal under the number +49-1578-7325444.\u00a0 If you want to schedule a call with him, please send him a message including your number and dates that fit for you. Our Locations For Sessions BeAumArtPrivatpraxis f\u00fcr ganzheitlichePhysiotherapie Heckmannufer 6a10997 Berlin-Kreuzberg For Courses Training-Center:Seminarhof Drawehn Im Alten Rundling 1329459 Clenze &#8211; Wendland(located between &hellip; Call Read More &raquo;\" \/>\n<meta property=\"og:url\" content=\"https:\/\/holistic-bodywork.org\/en\/call\/\" \/>\n<meta property=\"og:site_name\" content=\"holistic-bodywork.org\" \/>\n<meta property=\"article:modified_time\" content=\"2019-02-26T16:46:38+00:00\" \/>\n<meta property=\"og:image\" content=\"https:\/\/holistic-bodywork.org\/wp-content\/uploads\/2019\/02\/Holistic-Bodywork-Retreats-29.jpg\" \/>\n\t<meta property=\"og:image:width\" content=\"1200\" \/>\n\t<meta property=\"og:image:height\" content=\"800\" \/>\n\t<meta property=\"og:image:type\" content=\"image\/jpeg\" \/>\n<meta name=\"twitter:card\" content=\"summary_large_image\" \/>\n<script type=\"application\/ld+json\" class=\"yoast-schema-graph\">{\"@context\":\"https:\/\/schema.org\",\"@graph\":[{\"@type\":\"WebPage\",\"@id\":\"https:\/\/holistic-bodywork.org\/en\/call\/\",\"url\":\"https:\/\/holistic-bodywork.org\/en\/call\/\",\"name\":\"Call - holistic-bodywork.org\",\"isPartOf\":{\"@id\":\"https:\/\/holistic-bodywork.org\/#website\"},\"datePublished\":\"2019-02-13T13:35:01+00:00\",\"dateModified\":\"2019-02-26T16:46:38+00:00\",\"breadcrumb\":{\"@id\":\"https:\/\/holistic-bodywork.org\/en\/call\/#breadcrumb\"},\"inLanguage\":\"en-US\",\"potentialAction\":[{\"@type\":\"ReadAction\",\"target\":[\"https:\/\/holistic-bodywork.org\/en\/call\/\"]}]},{\"@type\":\"BreadcrumbList\",\"@id\":\"https:\/\/holistic-bodywork.org\/en\/call\/#breadcrumb\",\"itemListElement\":[{\"@type\":\"ListItem\",\"position\":1,\"name\":\"Startseite\",\"item\":\"https:\/\/holistic-bodywork.org\/en\/\"},{\"@type\":\"ListItem\",\"position\":2,\"name\":\"Call\"}]},{\"@type\":\"WebSite\",\"@id\":\"https:\/\/holistic-bodywork.org\/#website\",\"url\":\"https:\/\/holistic-bodywork.org\/\",\"name\":\"holistic-bodywork.org\",\"description\":\"Ganz Mensch Sein - Being Fully Human\",\"publisher\":{\"@id\":\"https:\/\/holistic-bodywork.org\/#organization\"},\"potentialAction\":[{\"@type\":\"SearchAction\",\"target\":{\"@type\":\"EntryPoint\",\"urlTemplate\":\"https:\/\/holistic-bodywork.org\/?s={search_term_string}\"},\"query-input\":\"required name=search_term_string\"}],\"inLanguage\":\"en-US\"},{\"@type\":\"Organization\",\"@id\":\"https:\/\/holistic-bodywork.org\/#organization\",\"name\":\"holistic-bodywork.org\",\"url\":\"https:\/\/holistic-bodywork.org\/\",\"logo\":{\"@type\":\"ImageObject\",\"inLanguage\":\"en-US\",\"@id\":\"https:\/\/holistic-bodywork.org\/#\/schema\/logo\/image\/\",\"url\":\"https:\/\/holistic-bodywork.org\/wp-content\/uploads\/2018\/12\/cropped-Logo-HB-72-2.png\",\"contentUrl\":\"https:\/\/holistic-bodywork.org\/wp-content\/uploads\/2018\/12\/cropped-Logo-HB-72-2.png\",\"width\":50,\"height\":50,\"caption\":\"holistic-bodywork.org\"},\"image\":{\"@id\":\"https:\/\/holistic-bodywork.org\/#\/schema\/logo\/image\/\"}}]}<\/script>\n<!-- \/ Yoast SEO plugin. -->","yoast_head_json":{"title":"Call - holistic-bodywork.org","robots":{"index":"index","follow":"follow","max-snippet":"max-snippet:-1","max-image-preview":"max-image-preview:large","max-video-preview":"max-video-preview:-1"},"canonical":"https:\/\/holistic-bodywork.org\/en\/call\/","og_locale":"en_US","og_type":"article","og_title":"Call - holistic-bodywork.org","og_description":"Contact us You can call Pascal under the number +49-1578-7325444.\u00a0 If you want to schedule a call with him, please send him a message including your number and dates that fit for you. Our Locations For Sessions BeAumArtPrivatpraxis f\u00fcr ganzheitlichePhysiotherapie Heckmannufer 6a10997 Berlin-Kreuzberg For Courses Training-Center:Seminarhof Drawehn Im Alten Rundling 1329459 Clenze &#8211; Wendland(located between &hellip; Call Read More &raquo;","og_url":"https:\/\/holistic-bodywork.org\/en\/call\/","og_site_name":"holistic-bodywork.org","article_modified_time":"2019-02-26T16:46:38+00:00","og_image":[{"width":1200,"height":800,"url":"https:\/\/holistic-bodywork.org\/wp-content\/uploads\/2019\/02\/Holistic-Bodywork-Retreats-29.jpg","type":"image\/jpeg"}],"twitter_card":"summary_large_image","schema":{"@context":"https:\/\/schema.org","@graph":[{"@type":"WebPage","@id":"https:\/\/holistic-bodywork.org\/en\/call\/","url":"https:\/\/holistic-bodywork.org\/en\/call\/","name":"Call - holistic-bodywork.org","isPartOf":{"@id":"https:\/\/holistic-bodywork.org\/#website"},"datePublished":"2019-02-13T13:35:01+00:00","dateModified":"2019-02-26T16:46:38+00:00","breadcrumb":{"@id":"https:\/\/holistic-bodywork.org\/en\/call\/#breadcrumb"},"inLanguage":"en-US","potentialAction":[{"@type":"ReadAction","target":["https:\/\/holistic-bodywork.org\/en\/call\/"]}]},{"@type":"BreadcrumbList","@id":"https:\/\/holistic-bodywork.org\/en\/call\/#breadcrumb","itemListElement":[{"@type":"ListItem","position":1,"name":"Startseite","item":"https:\/\/holistic-bodywork.org\/en\/"},{"@type":"ListItem","position":2,"name":"Call"}]},{"@type":"WebSite","@id":"https:\/\/holistic-bodywork.org\/#website","url":"https:\/\/holistic-bodywork.org\/","name":"holistic-bodywork.org","description":"Ganz Mensch Sein - Being Fully Human","publisher":{"@id":"https:\/\/holistic-bodywork.org\/#organization"},"potentialAction":[{"@type":"SearchAction","target":{"@type":"EntryPoint","urlTemplate":"https:\/\/holistic-bodywork.org\/?s={search_term_string}"},"query-input":"required name=search_term_string"}],"inLanguage":"en-US"},{"@type":"Organization","@id":"https:\/\/holistic-bodywork.org\/#organization","name":"holistic-bodywork.org","url":"https:\/\/holistic-bodywork.org\/","logo":{"@type":"ImageObject","inLanguage":"en-US","@id":"https:\/\/holistic-bodywork.org\/#\/schema\/logo\/image\/","url":"https:\/\/holistic-bodywork.org\/wp-content\/uploads\/2018\/12\/cropped-Logo-HB-72-2.png","contentUrl":"https:\/\/holistic-bodywork.org\/wp-content\/uploads\/2018\/12\/cropped-Logo-HB-72-2.png","width":50,"height":50,"caption":"holistic-bodywork.org"},"image":{"@id":"https:\/\/holistic-bodywork.org\/#\/schema\/logo\/image\/"}}]}},"_links":{"self":[{"href":"https:\/\/holistic-bodywork.org\/en\/wp-json\/wp\/v2\/pages\/3435","targetHints":{"allow":["GET"]}}],"collection":[{"href":"https:\/\/holistic-bodywork.org\/en\/wp-json\/wp\/v2\/pages"}],"about":[{"href":"https:\/\/holistic-bodywork.org\/en\/wp-json\/wp\/v2\/types\/page"}],"author":[{"embeddable":true,"href":"https:\/\/holistic-bodywork.org\/en\/wp-json\/wp\/v2\/users\/1"}],"replies":[{"embeddable":true,"href":"https:\/\/holistic-bodywork.org\/en\/wp-json\/wp\/v2\/comments?post=3435"}],"version-history":[{"count":3,"href":"https:\/\/holistic-bodywork.org\/en\/wp-json\/wp\/v2\/pages\/3435\/revisions"}],"predecessor-version":[{"id":4084,"href":"https:\/\/holistic-bodywork.org\/en\/wp-json\/wp\/v2\/pages\/3435\/revisions\/4084"}],"wp:featuredmedia":[{"embeddable":true,"href":"https:\/\/holistic-bodywork.org\/en\/wp-json\/wp\/v2\/media\/2634"}],"wp:attachment":[{"href":"https:\/\/holistic-bodywork.org\/en\/wp-json\/wp\/v2\/media?parent=3435"}],"curies":[{"name":"wp","href":"https:\/\/api.w.org\/{rel}","templated":true}]}}